{"id":12,"date":"2019-12-17T09:46:33","date_gmt":"2019-12-17T09:46:33","guid":{"rendered":"https:\/\/www.opteco.fr\/?page_id=12"},"modified":"2023-08-31T13:51:45","modified_gmt":"2023-08-31T13:51:45","slug":"le-nouveau-e-mucem-ouvre-ses-portes-2","status":"publish","type":"page","link":"https:\/\/www.opteco.fr\/","title":{"rendered":"Accueil"},"content":{"rendered":"\t\t<div data-elementor-type=\"wp-page\" data-elementor-id=\"12\" class=\"elementor elementor-12\">\n\t\t\t\t\t\t<div class=\"elementor-inner\">\n\t\t\t\t<div class=\"elementor-section-wrap\">\n\t\t\t\t\t\t\t\t\t<section class=\"elementor-section elementor-top-section elementor-element elementor-element-735cb63 elementor-section-boxed elementor-section-height-default elementor-section-height-default\" data-id=\"735cb63\" data-element_type=\"section\">\n\t\t\t\t\t\t<div class=\"elementor-container elementor-column-gap-default\">\n\t\t\t\t\t\t\t<div class=\"elementor-row\">\n\t\t\t\t\t<div class=\"elementor-column elementor-col-100 elementor-top-column elementor-element elementor-element-e32213b\" data-id=\"e32213b\" data-element_type=\"column\">\n\t\t\t<div class=\"elementor-column-wrap elementor-element-populated\">\n\t\t\t\t\t\t\t<div class=\"elementor-widget-wrap\">\n\t\t\t\t\t\t<div class=\"elementor-element elementor-element-c483a82 elementor-widget elementor-widget-spacer\" data-id=\"c483a82\" data-element_type=\"widget\" data-widget_type=\"spacer.default\">\n\t\t\t\t<div class=\"elementor-widget-container\">\n\t\t\t\t\t<div class=\"elementor-spacer\">\n\t\t\t<div class=\"elementor-spacer-inner\"><\/div>\n\t\t<\/div>\n\t\t\t\t<\/div>\n\t\t\t\t<\/div>\n\t\t\t\t\t\t<\/div>\n\t\t\t\t\t<\/div>\n\t\t<\/div>\n\t\t\t\t\t\t\t\t<\/div>\n\t\t\t\t\t<\/div>\n\t\t<\/section>\n\t\t\t\t<section class=\"elementor-section elementor-top-section elementor-element elementor-element-0f9da8e elementor-section-boxed elementor-section-height-default elementor-section-height-default\" data-id=\"0f9da8e\" data-element_type=\"section\">\n\t\t\t\t\t\t<div class=\"elementor-container elementor-column-gap-default\">\n\t\t\t\t\t\t\t<div class=\"elementor-row\">\n\t\t\t\t\t<div class=\"elementor-column elementor-col-50 elementor-top-column elementor-element elementor-element-717021d\" data-id=\"717021d\" data-element_type=\"column\">\n\t\t\t<div class=\"elementor-column-wrap elementor-element-populated\">\n\t\t\t\t\t\t\t<div class=\"elementor-widget-wrap\">\n\t\t\t\t\t\t<div class=\"elementor-element elementor-element-bb6e20a elementor-widget elementor-widget-image\" data-id=\"bb6e20a\" data-element_type=\"widget\" data-widget_type=\"image.default\">\n\t\t\t\t<div class=\"elementor-widget-container\">\n\t\t\t\t\t\t\t\t<div class=\"elementor-image\">\n\t\t\t\t\t\t\t\t\t\t\t\t<img width=\"512\" height=\"297\" src=\"https:\/\/www.opteco.fr\/wp-content\/uploads\/2019\/12\/logo-OPTECO3.jpg\" class=\"attachment-large size-large wp-image-47\" alt=\"\" loading=\"lazy\" srcset=\"https:\/\/www.opteco.fr\/wp-content\/uploads\/2019\/12\/logo-OPTECO3.jpg 512w, https:\/\/www.opteco.fr\/wp-content\/uploads\/2019\/12\/logo-OPTECO3-300x174.jpg 300w\" sizes=\"(max-width: 512px) 100vw, 512px\" \/>\t\t\t\t\t\t\t\t\t\t\t\t\t\t<\/div>\n\t\t\t\t\t\t<\/div>\n\t\t\t\t<\/div>\n\t\t\t\t\t\t<\/div>\n\t\t\t\t\t<\/div>\n\t\t<\/div>\n\t\t\t\t<div class=\"elementor-column elementor-col-50 elementor-top-column elementor-element elementor-element-4ea4759\" data-id=\"4ea4759\" data-element_type=\"column\">\n\t\t\t<div class=\"elementor-column-wrap elementor-element-populated\">\n\t\t\t\t\t\t\t<div class=\"elementor-widget-wrap\">\n\t\t\t\t\t\t<div class=\"elementor-element elementor-element-c1bf519 elementor-arrows-position-inside elementor-pagination-position-outside elementor-widget elementor-widget-image-carousel\" data-id=\"c1bf519\" data-element_type=\"widget\" data-settings=\"{&quot;slides_to_show&quot;:&quot;1&quot;,&quot;speed&quot;:5000,&quot;navigation&quot;:&quot;both&quot;,&quot;autoplay&quot;:&quot;yes&quot;,&quot;pause_on_hover&quot;:&quot;yes&quot;,&quot;pause_on_interaction&quot;:&quot;yes&quot;,&quot;autoplay_speed&quot;:5000,&quot;infinite&quot;:&quot;yes&quot;,&quot;effect&quot;:&quot;slide&quot;}\" data-widget_type=\"image-carousel.default\">\n\t\t\t\t<div class=\"elementor-widget-container\">\n\t\t\t\t\t<div class=\"elementor-image-carousel-wrapper swiper-container\" dir=\"ltr\">\n\t\t\t<div class=\"elementor-image-carousel swiper-wrapper\">\n\t\t\t\t\t\t\t\t<div class=\"swiper-slide\"><figure class=\"swiper-slide-inner\"><img class=\"swiper-slide-image\" src=\"https:\/\/www.opteco.fr\/wp-content\/uploads\/2023\/08\/19030-768x388.jpg\" alt=\"Achitecte : Cabinet TEZIER\" \/><figcaption class=\"elementor-image-carousel-caption\">Achitecte : Cabinet TEZIER<\/figcaption><\/figure><\/div><div class=\"swiper-slide\"><figure class=\"swiper-slide-inner\"><img class=\"swiper-slide-image\" src=\"https:\/\/www.opteco.fr\/wp-content\/uploads\/2023\/08\/22021-768x354.jpg\" alt=\"Achitecte : Cabinet BONZON\" \/><figcaption class=\"elementor-image-carousel-caption\">Achitecte : Cabinet BONZON<\/figcaption><\/figure><\/div><div class=\"swiper-slide\"><figure class=\"swiper-slide-inner\"><img class=\"swiper-slide-image\" src=\"https:\/\/www.opteco.fr\/wp-content\/uploads\/2023\/03\/21014-TRAVERSIER-768x328.jpg\" alt=\"Architecte : Cabinet TRAVERSIER\" \/><figcaption class=\"elementor-image-carousel-caption\">Architecte : Cabinet TRAVERSIER<\/figcaption><\/figure><\/div><div class=\"swiper-slide\"><figure class=\"swiper-slide-inner\"><img class=\"swiper-slide-image\" src=\"https:\/\/www.opteco.fr\/wp-content\/uploads\/2023\/03\/20055-SORHA-768x404.jpg\" alt=\"Architecte : Cabinet SORHA\" \/><figcaption class=\"elementor-image-carousel-caption\">Architecte : Cabinet SORHA<\/figcaption><\/figure><\/div><div class=\"swiper-slide\"><figure class=\"swiper-slide-inner\"><img class=\"swiper-slide-image\" src=\"https:\/\/www.opteco.fr\/wp-content\/uploads\/2023\/03\/19034-SORHA-768x376.jpg\" alt=\"Architecte : Cabinet SORHA\" \/><figcaption class=\"elementor-image-carousel-caption\">Architecte : Cabinet SORHA<\/figcaption><\/figure><\/div><div class=\"swiper-slide\"><figure class=\"swiper-slide-inner\"><img class=\"swiper-slide-image\" src=\"https:\/\/www.opteco.fr\/wp-content\/uploads\/2023\/03\/21017-CARRILLO.jpg\" alt=\"Architecte : Cabinet CARRILLO\" \/><figcaption class=\"elementor-image-carousel-caption\">Architecte : Cabinet CARRILLO<\/figcaption><\/figure><\/div><div class=\"swiper-slide\"><figure class=\"swiper-slide-inner\"><img class=\"swiper-slide-image\" src=\"https:\/\/www.opteco.fr\/wp-content\/uploads\/2022\/01\/20039-SORHA.jpg\" alt=\"Architecte : Cabinet SORHA\" \/><figcaption class=\"elementor-image-carousel-caption\">Architecte : Cabinet SORHA<\/figcaption><\/figure><\/div><div class=\"swiper-slide\"><figure class=\"swiper-slide-inner\"><img class=\"swiper-slide-image\" src=\"https:\/\/www.opteco.fr\/wp-content\/uploads\/2022\/01\/20044-TEZIER-768x351.jpg\" alt=\"Achitecte : Cabinet TEZIER\" \/><figcaption class=\"elementor-image-carousel-caption\">Achitecte : Cabinet TEZIER<\/figcaption><\/figure><\/div><div class=\"swiper-slide\"><figure class=\"swiper-slide-inner\"><img class=\"swiper-slide-image\" src=\"https:\/\/www.opteco.fr\/wp-content\/uploads\/2022\/01\/20057-SORHA-768x324.jpg\" alt=\"Architecte : Cabinet SORHA\" \/><figcaption class=\"elementor-image-carousel-caption\">Architecte : Cabinet SORHA<\/figcaption><\/figure><\/div><div class=\"swiper-slide\"><figure class=\"swiper-slide-inner\"><img class=\"swiper-slide-image\" src=\"https:\/\/www.opteco.fr\/wp-content\/uploads\/2022\/01\/Sans-titre.jpg\" alt=\"Architecte : Cabinet TRAVERSIER\" \/><figcaption class=\"elementor-image-carousel-caption\">Architecte : Cabinet TRAVERSIER<\/figcaption><\/figure><\/div><div class=\"swiper-slide\"><figure class=\"swiper-slide-inner\"><img class=\"swiper-slide-image\" src=\"https:\/\/www.opteco.fr\/wp-content\/uploads\/2019\/12\/diapo1.jpg\" alt=\"Architecte : Cabinet Traversier\" \/><figcaption class=\"elementor-image-carousel-caption\">Architecte : Cabinet Traversier<\/figcaption><\/figure><\/div><div class=\"swiper-slide\"><figure class=\"swiper-slide-inner\"><img class=\"swiper-slide-image\" src=\"https:\/\/www.opteco.fr\/wp-content\/uploads\/2019\/12\/Faventine-Tezier.jpg\" alt=\"Architecte : Cabinet TEZIER\" \/><figcaption class=\"elementor-image-carousel-caption\">Architecte : Cabinet TEZIER<\/figcaption><\/figure><\/div><div class=\"swiper-slide\"><figure class=\"swiper-slide-inner\"><img class=\"swiper-slide-image\" src=\"https:\/\/www.opteco.fr\/wp-content\/uploads\/2022\/01\/19026-768x267.jpg\" alt=\"Architecte : Cabinet TRAVERSIER\" \/><figcaption class=\"elementor-image-carousel-caption\">Architecte : Cabinet TRAVERSIER<\/figcaption><\/figure><\/div>\t\t\t<\/div>\n\t\t\t\t\t\t\t\t\t\t\t\t<div class=\"swiper-pagination\"><\/div>\n\t\t\t\t\t\t\t\t\t\t\t\t\t<div class=\"elementor-swiper-button elementor-swiper-button-prev\">\n\t\t\t\t\t\t<i aria-hidden=\"true\" class=\"eicon-chevron-left\"><\/i>\t\t\t\t\t\t<span class=\"elementor-screen-only\">Pr\u00e9c\u00e9dent<\/span>\n\t\t\t\t\t<\/div>\n\t\t\t\t\t<div class=\"elementor-swiper-button elementor-swiper-button-next\">\n\t\t\t\t\t\t<i aria-hidden=\"true\" class=\"eicon-chevron-right\"><\/i>\t\t\t\t\t\t<span class=\"elementor-screen-only\">Suivant<\/span>\n\t\t\t\t\t<\/div>\n\t\t\t\t\t\t\t\t\t<\/div>\n\t\t\t\t<\/div>\n\t\t\t\t<\/div>\n\t\t\t\t\t\t<\/div>\n\t\t\t\t\t<\/div>\n\t\t<\/div>\n\t\t\t\t\t\t\t\t<\/div>\n\t\t\t\t\t<\/div>\n\t\t<\/section>\n\t\t\t\t<section class=\"elementor-section elementor-top-section elementor-element elementor-element-327a546 elementor-section-boxed elementor-section-height-default elementor-section-height-default\" data-id=\"327a546\" data-element_type=\"section\">\n\t\t\t\t\t\t<div class=\"elementor-container elementor-column-gap-default\">\n\t\t\t\t\t\t\t<div class=\"elementor-row\">\n\t\t\t\t\t<div class=\"elementor-column elementor-col-100 elementor-top-column elementor-element elementor-element-9c4e527\" data-id=\"9c4e527\" data-element_type=\"column\">\n\t\t\t<div class=\"elementor-column-wrap elementor-element-populated\">\n\t\t\t\t\t\t\t<div class=\"elementor-widget-wrap\">\n\t\t\t\t\t\t<section class=\"elementor-section elementor-inner-section elementor-element elementor-element-7ceea64 elementor-section-boxed elementor-section-height-default elementor-section-height-default\" data-id=\"7ceea64\" data-element_type=\"section\">\n\t\t\t\t\t\t<div class=\"elementor-container elementor-column-gap-default\">\n\t\t\t\t\t\t\t<div class=\"elementor-row\">\n\t\t\t\t\t<div class=\"elementor-column elementor-col-100 elementor-inner-column elementor-element elementor-element-9aae2ce\" data-id=\"9aae2ce\" data-element_type=\"column\">\n\t\t\t<div class=\"elementor-column-wrap elementor-element-populated\">\n\t\t\t\t\t\t\t<div class=\"elementor-widget-wrap\">\n\t\t\t\t\t\t<div class=\"elementor-element elementor-element-cfe0965 elementor-widget elementor-widget-text-editor\" data-id=\"cfe0965\" data-element_type=\"widget\" data-widget_type=\"text-editor.default\">\n\t\t\t\t<div class=\"elementor-widget-container\">\n\t\t\t\t\t\t\t\t<div class=\"elementor-text-editor elementor-clearfix\">\n\t\t\t\t<p>Nous sommes sp\u00e9cialis\u00e9 dans le domaine de l&rsquo;\u00e9conomie de la construction.<br>Nous intervenons aupr\u00e8s de Ma\u00eetres d&rsquo;Ouvrages publics ou priv\u00e9s soit en tant que conseil, soit en tant que partenaire \u00e9conomiste au sein d&rsquo;une \u00e9quipe de conception.<\/p>\n<p>La soci\u00e9t\u00e9 apporte son savoir faire pour la r\u00e9alisation d&rsquo;un projet architecturale en coh\u00e9rence avec l&rsquo;enveloppe budg\u00e9taire des Ma\u00eetres d&rsquo;Ouvrages.<\/p><p><br><\/p><p><br><\/p><p><br><\/p><p><br><\/p>\n<p><\/p>\t\t\t\t\t<\/div>\n\t\t\t\t\t\t<\/div>\n\t\t\t\t<\/div>\n\t\t\t\t\t\t<\/div>\n\t\t\t\t\t<\/div>\n\t\t<\/div>\n\t\t\t\t\t\t\t\t<\/div>\n\t\t\t\t\t<\/div>\n\t\t<\/section>\n\t\t\t\t\t\t<\/div>\n\t\t\t\t\t<\/div>\n\t\t<\/div>\n\t\t\t\t\t\t\t\t<\/div>\n\t\t\t\t\t<\/div>\n\t\t<\/section>\n\t\t\t\t\t\t\t\t\t<\/div>\n\t\t\t<\/div>\n\t\t\t\t\t<\/div>\n\t\t","protected":false},"excerpt":{"rendered":"<p>Achitecte : Cabinet TEZIER Achitecte : Cabinet BONZON Architecte : Cabinet TRAVERSIER Architecte : Cabinet SORHA Architecte : Cabinet SORHA Architecte : Cabinet CARRILLO Architecte : Cabinet SORHA Achitecte : Cabinet TEZIER Architecte : Cabinet SORHA Architecte : Cabinet TRAVERSIER Architecte : Cabinet Traversier Architecte : Cabinet TEZIER Architecte : Cabinet TRAVERSIER Pr\u00e9c\u00e9dent Suivant Nous &hellip;<\/p>\n<p class=\"read-more\"> <a class=\"\" href=\"https:\/\/www.opteco.fr\/\"> <span class=\"screen-reader-text\">Accueil<\/span> Lire la suite\u00a0\u00bb<\/a><\/p>\n","protected":false},"author":1,"featured_media":0,"parent":0,"menu_order":0,"comment_status":"closed","ping_status":"closed","template":"","meta":[],"_links":{"self":[{"href":"https:\/\/www.opteco.fr\/index.php?rest_route=\/wp\/v2\/pages\/12"}],"collection":[{"href":"https:\/\/www.opteco.fr\/index.php?rest_route=\/wp\/v2\/pages"}],"about":[{"href":"https:\/\/www.opteco.fr\/index.php?rest_route=\/wp\/v2\/types\/page"}],"author":[{"embeddable":true,"href":"https:\/\/www.opteco.fr\/index.php?rest_route=\/wp\/v2\/users\/1"}],"replies":[{"embeddable":true,"href":"https:\/\/www.opteco.fr\/index.php?rest_route=%2Fwp%2Fv2%2Fcomments&post=12"}],"version-history":[{"count":72,"href":"https:\/\/www.opteco.fr\/index.php?rest_route=\/wp\/v2\/pages\/12\/revisions"}],"predecessor-version":[{"id":709,"href":"https:\/\/www.opteco.fr\/index.php?rest_route=\/wp\/v2\/pages\/12\/revisions\/709"}],"wp:attachment":[{"href":"https:\/\/www.opteco.fr\/index.php?rest_route=%2Fwp%2Fv2%2Fmedia&parent=12"}],"curies":[{"name":"wp","href":"https:\/\/api.w.org\/{rel}","templated":true}]}}